{"id":43632,"date":"2015-07-03T10:16:50","date_gmt":"2015-07-03T08:16:50","guid":{"rendered":"https:\/\/decouvrirensemble.com\/?page_id=43632"},"modified":"2024-02-26T12:51:22","modified_gmt":"2024-02-26T11:51:22","slug":"blogeros-de-viajes","status":"publish","type":"page","link":"https:\/\/decouvrirensemble.com\/es\/blogeros-de-viajes","title":{"rendered":"Blogeros de viajes"},"content":{"rendered":"<p>Somos amantes desde hace muchos a\u00f1os y tambi\u00e9n nos encanta trabajar juntos. Apasionados de los viajes y la fotograf\u00eda, decidimos crear nuestro blog de viajes &#8216;D\u00e9couvrir ensemble&#8217; en 2017 desde nuestro peque\u00f1o piso parisino.<\/p>\n<p>Nuestro blog de viajes naci\u00f3 tras nuestro primer roadtrip por el oeste de Estados Unidos. Nos llev\u00f3 tanto tiempo organizarlo y fue una experiencia tan divertida que quisimos compartir nuestros consejos y buenas direcciones.<br \/>\nNuestro objetivo: inspirarle para sus futuros viajes y facilitar su organizaci\u00f3n.<\/p>\n<p>Lo que m\u00e1s nos gusta de viajar: descubrir los lugares imprescindibles de cada destino, as\u00ed como lugares menos conocidos e ins\u00f3litos, conocer gente apasionada, descubrir su cultura y su gastronom\u00eda&#8230; \u00a1Capturar y compartir todos estos momentos en fotos y v\u00eddeos!<\/p>\n<p>Con los a\u00f1os, nuestro blog de viajes ha evolucionado y ahora somos blogueros de viajes y creadores de contenidos a tiempo completo. Trabajamos a diario para mejorar este blog de viajes y poder ofrecerte el mayor n\u00famero posible de gu\u00edas, consejos y buenas ideas.<\/p>\n","protected":false},"excerpt":{"rendered":"<p>Somos amantes desde hace muchos a\u00f1os y tambi\u00e9n nos encanta trabajar juntos. Apasionados de los viajes y la fotograf\u00eda, decidimos crear nuestro blog de viajes &#8216;D\u00e9couvrir ensemble&#8217; en 2017 desde nuestro peque\u00f1o piso parisino. Nuestro\u2026<\/p>\n","protected":false},"author":1,"featured_media":0,"parent":0,"menu_order":0,"comment_status":"closed","ping_status":"closed","template":"about.php","meta":{"_acf_changed":false,"_lmt_disableupdate":"no","_lmt_disable":"","footnotes":""},"class_list":["post-43632","page","type-page","status-publish","hentry"],"acf":[],"yoast_head":"<!-- This site is optimized with the Yoast SEO plugin v27.4 - https:\/\/yoast.com\/product\/yoast-seo-wordpress\/ -->\n<title>Blogeros de viajes - D\u00e9couvrir Ensemble<\/title>\n<meta name=\"description\" content=\"Bienvenidos a nuestro blog de viajes. Somos Clem &amp; Alex, una pareja de blogueros de viajes desde 2016. \u00a1Descubre nuestro mundo!\" \/>\n<meta name=\"robots\" content=\"index, follow, max-snippet:-1, max-image-preview:large, max-video-preview:-1\" \/>\n<link rel=\"canonical\" href=\"https:\/\/decouvrirensemble.com\/es\/blogeros-de-viajes\" \/>\n<meta property=\"og:locale\" content=\"es_ES\" \/>\n<meta property=\"og:type\" content=\"article\" \/>\n<meta property=\"og:title\" content=\"Blogeros de viajes - D\u00e9couvrir Ensemble\" \/>\n<meta property=\"og:description\" content=\"Bienvenidos a nuestro blog de viajes. Somos Clem &amp; Alex, una pareja de blogueros de viajes desde 2016. \u00a1Descubre nuestro mundo!\" \/>\n<meta property=\"og:url\" content=\"https:\/\/decouvrirensemble.com\/es\/blogeros-de-viajes\" \/>\n<meta property=\"og:site_name\" content=\"Blog Voyage - D\u00e9couvrir Ensemble\" \/>\n<meta property=\"article:modified_time\" content=\"2024-02-26T11:51:22+00:00\" \/>\n<meta property=\"og:image\" content=\"https:\/\/decouvrirensemble.com\/wp-content\/uploads\/2023\/03\/blogueurs-voyage-decouvrir-ensemble-clem-alex.jpg\" \/>\n\t<meta property=\"og:image:width\" content=\"2072\" \/>\n\t<meta property=\"og:image:height\" content=\"1100\" \/>\n\t<meta property=\"og:image:type\" content=\"image\/jpeg\" \/>\n<meta name=\"twitter:card\" content=\"summary_large_image\" \/>\n<meta name=\"twitter:site\" content=\"@dcouvrirensmble\" \/>\n<meta name=\"twitter:label1\" content=\"Tiempo de lectura\" \/>\n\t<meta name=\"twitter:data1\" content=\"2 minutos\" \/>\n<script type=\"application\/ld+json\" class=\"yoast-schema-graph\">{\"@context\":\"https:\\\/\\\/schema.org\",\"@graph\":[{\"@type\":\"WebPage\",\"@id\":\"https:\\\/\\\/decouvrirensemble.com\\\/es\\\/blogeros-de-viajes\",\"url\":\"https:\\\/\\\/decouvrirensemble.com\\\/es\\\/blogeros-de-viajes\",\"name\":\"Blogeros de viajes - D\u00e9couvrir Ensemble\",\"isPartOf\":{\"@id\":\"https:\\\/\\\/decouvrirensemble.com\\\/es#website\"},\"datePublished\":\"2015-07-03T08:16:50+00:00\",\"dateModified\":\"2024-02-26T11:51:22+00:00\",\"description\":\"Bienvenidos a nuestro blog de viajes. Somos Clem & Alex, una pareja de blogueros de viajes desde 2016. \u00a1Descubre nuestro mundo!\",\"breadcrumb\":{\"@id\":\"https:\\\/\\\/decouvrirensemble.com\\\/es\\\/blogeros-de-viajes#breadcrumb\"},\"inLanguage\":\"es\",\"potentialAction\":[{\"@type\":\"ReadAction\",\"target\":[\"https:\\\/\\\/decouvrirensemble.com\\\/es\\\/blogeros-de-viajes\"]}]},{\"@type\":\"BreadcrumbList\",\"@id\":\"https:\\\/\\\/decouvrirensemble.com\\\/es\\\/blogeros-de-viajes#breadcrumb\",\"itemListElement\":[{\"@type\":\"ListItem\",\"position\":1,\"name\":\"Accueil\",\"item\":\"https:\\\/\\\/decouvrirensemble.com\\\/es\"},{\"@type\":\"ListItem\",\"position\":2,\"name\":\"Blogeros de viajes\"}]},{\"@type\":\"WebSite\",\"@id\":\"https:\\\/\\\/decouvrirensemble.com\\\/es#website\",\"url\":\"https:\\\/\\\/decouvrirensemble.com\\\/es\",\"name\":\"Blog Voyage - D\u00e9couvrir Ensemble\",\"description\":\"Le Blog Voyage de Clem et Alex\",\"publisher\":{\"@id\":\"https:\\\/\\\/decouvrirensemble.com\\\/es#\\\/schema\\\/person\\\/a53efd44d02eb7f9ab90f96e84a9d2ba\"},\"potentialAction\":[{\"@type\":\"SearchAction\",\"target\":{\"@type\":\"EntryPoint\",\"urlTemplate\":\"https:\\\/\\\/decouvrirensemble.com\\\/es?s={search_term_string}\"},\"query-input\":{\"@type\":\"PropertyValueSpecification\",\"valueRequired\":true,\"valueName\":\"search_term_string\"}}],\"inLanguage\":\"es\"},{\"@type\":[\"Person\",\"Organization\"],\"@id\":\"https:\\\/\\\/decouvrirensemble.com\\\/es#\\\/schema\\\/person\\\/a53efd44d02eb7f9ab90f96e84a9d2ba\",\"name\":\"Cl\u00e9mence &amp; Alexandre\",\"image\":{\"@type\":\"ImageObject\",\"inLanguage\":\"es\",\"@id\":\"https:\\\/\\\/decouvrirensemble.com\\\/wp-content\\\/uploads\\\/2024\\\/04\\\/logo-decouvrir-ensemble-blog-voyage.jpg\",\"url\":\"https:\\\/\\\/decouvrirensemble.com\\\/wp-content\\\/uploads\\\/2024\\\/04\\\/logo-decouvrir-ensemble-blog-voyage.jpg\",\"contentUrl\":\"https:\\\/\\\/decouvrirensemble.com\\\/wp-content\\\/uploads\\\/2024\\\/04\\\/logo-decouvrir-ensemble-blog-voyage.jpg\",\"width\":1563,\"height\":529,\"caption\":\"Cl\u00e9mence &amp; Alexandre\"},\"logo\":{\"@id\":\"https:\\\/\\\/decouvrirensemble.com\\\/wp-content\\\/uploads\\\/2024\\\/04\\\/logo-decouvrir-ensemble-blog-voyage.jpg\"},\"sameAs\":[\"https:\\\/\\\/decouvrirensemble.com\\\/\"]}]}<\/script>\n<!-- \/ Yoast SEO plugin. -->","yoast_head_json":{"title":"Blogeros de viajes - D\u00e9couvrir Ensemble","description":"Bienvenidos a nuestro blog de viajes. Somos Clem & Alex, una pareja de blogueros de viajes desde 2016. \u00a1Descubre nuestro mundo!","robots":{"index":"index","follow":"follow","max-snippet":"max-snippet:-1","max-image-preview":"max-image-preview:large","max-video-preview":"max-video-preview:-1"},"canonical":"https:\/\/decouvrirensemble.com\/es\/blogeros-de-viajes","og_locale":"es_ES","og_type":"article","og_title":"Blogeros de viajes - D\u00e9couvrir Ensemble","og_description":"Bienvenidos a nuestro blog de viajes. Somos Clem & Alex, una pareja de blogueros de viajes desde 2016. \u00a1Descubre nuestro mundo!","og_url":"https:\/\/decouvrirensemble.com\/es\/blogeros-de-viajes","og_site_name":"Blog Voyage - D\u00e9couvrir Ensemble","article_modified_time":"2024-02-26T11:51:22+00:00","og_image":[{"width":2072,"height":1100,"url":"https:\/\/decouvrirensemble.com\/wp-content\/uploads\/2023\/03\/blogueurs-voyage-decouvrir-ensemble-clem-alex.jpg","type":"image\/jpeg"}],"twitter_card":"summary_large_image","twitter_site":"@dcouvrirensmble","twitter_misc":{"Tiempo de lectura":"2 minutos"},"schema":{"@context":"https:\/\/schema.org","@graph":[{"@type":"WebPage","@id":"https:\/\/decouvrirensemble.com\/es\/blogeros-de-viajes","url":"https:\/\/decouvrirensemble.com\/es\/blogeros-de-viajes","name":"Blogeros de viajes - D\u00e9couvrir Ensemble","isPartOf":{"@id":"https:\/\/decouvrirensemble.com\/es#website"},"datePublished":"2015-07-03T08:16:50+00:00","dateModified":"2024-02-26T11:51:22+00:00","description":"Bienvenidos a nuestro blog de viajes. Somos Clem & Alex, una pareja de blogueros de viajes desde 2016. \u00a1Descubre nuestro mundo!","breadcrumb":{"@id":"https:\/\/decouvrirensemble.com\/es\/blogeros-de-viajes#breadcrumb"},"inLanguage":"es","potentialAction":[{"@type":"ReadAction","target":["https:\/\/decouvrirensemble.com\/es\/blogeros-de-viajes"]}]},{"@type":"BreadcrumbList","@id":"https:\/\/decouvrirensemble.com\/es\/blogeros-de-viajes#breadcrumb","itemListElement":[{"@type":"ListItem","position":1,"name":"Accueil","item":"https:\/\/decouvrirensemble.com\/es"},{"@type":"ListItem","position":2,"name":"Blogeros de viajes"}]},{"@type":"WebSite","@id":"https:\/\/decouvrirensemble.com\/es#website","url":"https:\/\/decouvrirensemble.com\/es","name":"Blog Voyage - D\u00e9couvrir Ensemble","description":"Le Blog Voyage de Clem et Alex","publisher":{"@id":"https:\/\/decouvrirensemble.com\/es#\/schema\/person\/a53efd44d02eb7f9ab90f96e84a9d2ba"},"potentialAction":[{"@type":"SearchAction","target":{"@type":"EntryPoint","urlTemplate":"https:\/\/decouvrirensemble.com\/es?s={search_term_string}"},"query-input":{"@type":"PropertyValueSpecification","valueRequired":true,"valueName":"search_term_string"}}],"inLanguage":"es"},{"@type":["Person","Organization"],"@id":"https:\/\/decouvrirensemble.com\/es#\/schema\/person\/a53efd44d02eb7f9ab90f96e84a9d2ba","name":"Cl\u00e9mence &amp; Alexandre","image":{"@type":"ImageObject","inLanguage":"es","@id":"https:\/\/decouvrirensemble.com\/wp-content\/uploads\/2024\/04\/logo-decouvrir-ensemble-blog-voyage.jpg","url":"https:\/\/decouvrirensemble.com\/wp-content\/uploads\/2024\/04\/logo-decouvrir-ensemble-blog-voyage.jpg","contentUrl":"https:\/\/decouvrirensemble.com\/wp-content\/uploads\/2024\/04\/logo-decouvrir-ensemble-blog-voyage.jpg","width":1563,"height":529,"caption":"Cl\u00e9mence &amp; Alexandre"},"logo":{"@id":"https:\/\/decouvrirensemble.com\/wp-content\/uploads\/2024\/04\/logo-decouvrir-ensemble-blog-voyage.jpg"},"sameAs":["https:\/\/decouvrirensemble.com\/"]}]}},"_links":{"self":[{"href":"https:\/\/decouvrirensemble.com\/es\/wp-json\/wp\/v2\/pages\/43632","targetHints":{"allow":["GET"]}}],"collection":[{"href":"https:\/\/decouvrirensemble.com\/es\/wp-json\/wp\/v2\/pages"}],"about":[{"href":"https:\/\/decouvrirensemble.com\/es\/wp-json\/wp\/v2\/types\/page"}],"author":[{"embeddable":true,"href":"https:\/\/decouvrirensemble.com\/es\/wp-json\/wp\/v2\/users\/1"}],"replies":[{"embeddable":true,"href":"https:\/\/decouvrirensemble.com\/es\/wp-json\/wp\/v2\/comments?post=43632"}],"version-history":[{"count":0,"href":"https:\/\/decouvrirensemble.com\/es\/wp-json\/wp\/v2\/pages\/43632\/revisions"}],"wp:attachment":[{"href":"https:\/\/decouvrirensemble.com\/es\/wp-json\/wp\/v2\/media?parent=43632"}],"curies":[{"name":"wp","href":"https:\/\/api.w.org\/{rel}","templated":true}]}}