{"id":43642,"date":"2018-05-23T11:50:05","date_gmt":"2018-05-23T09:50:05","guid":{"rendered":"https:\/\/decouvrirensemble.com\/?page_id=43642"},"modified":"2024-07-24T13:00:29","modified_gmt":"2024-07-24T11:00:29","slug":"politica-de-privacidad","status":"publish","type":"page","link":"https:\/\/decouvrirensemble.com\/es\/politica-de-privacidad","title":{"rendered":"Pol\u00edtica de privacidad"},"content":{"rendered":"<h2><span class=\"ez-toc-section\" id=\"%C2%BFQuienes_somos\"><\/span>\u00bfQui\u00e9nes somos?<span class=\"ez-toc-section-end\"><\/span><\/h2>\n<p>La direcci\u00f3n de nuestro sitio web es: https:\/\/decouvrirensemble.com.<br \/>\nPuede obtener m\u00e1s informaci\u00f3n en la secci\u00f3n sobre nuestro sitio web.<\/p>\n<h2><span class=\"ez-toc-section\" id=\"Uso_de_los_datos_personales_recogidos\"><\/span>Uso de los datos personales recogidos<span class=\"ez-toc-section-end\"><\/span><\/h2>\n<h3><span class=\"ez-toc-section\" id=\"Comentarios\"><\/span>Comentarios<span class=\"ez-toc-section-end\"><\/span><\/h3>\n<p>Cuando deja un comentario en nuestro sitio web, se recopilan los datos introducidos en el formulario de comentarios, pero tambi\u00e9n su direcci\u00f3n IP y el agente de usuario de su navegador para ayudarnos a detectar comentarios no deseados. Es posible que se env\u00ede una cadena an\u00f3nima creada a partir de su direcci\u00f3n de correo electr\u00f3nico (tambi\u00e9n conocida como hash) al servicio Gravatar para comprobar si lo est\u00e1 utilizando. Las cl\u00e1usulas de confidencialidad del servicio Gravatar est\u00e1n disponibles aqu\u00ed: https:\/\/automattic.com\/privacy\/. Una vez validado su comentario, su foto de perfil ser\u00e1 visible p\u00fablicamente junto a su comentario. Los comentarios recogidos en este sitio web utilizan la extensi\u00f3n wpDiscuz. Para publicar un comentario en este sitio se requiere que el usuario marque la aceptaci\u00f3n de la pol\u00edtica de privacidad de este sitio.<\/p>\n<h3><span class=\"ez-toc-section\" id=\"Formularios_de_contacto\"><\/span>Formularios de contacto<span class=\"ez-toc-section-end\"><\/span><\/h3>\n<p>No disponemos de formularios de contacto en este sitio. La \u00fanica forma de ponerse en contacto con nosotros es envi\u00e1ndonos un correo electr\u00f3nico directamente a la siguiente direcci\u00f3n: hello@decouvrirensemble.com.&nbsp;Los datos que comparta en estos correos electr\u00f3nicos s\u00f3lo se almacenar\u00e1n en nuestra bandeja de entrada y se utilizar\u00e1n con el \u00fanico fin de responderle y mantener un registro de nuestros intercambios. Sus datos no se utilizar\u00e1n con fines comerciales.<\/p>\n<h3><span class=\"ez-toc-section\" id=\"Cookies\"><\/span>Cookies<span class=\"ez-toc-section-end\"><\/span><\/h3>\n<h3><span class=\"ez-toc-section\" id=\"%C2%BFQue_son_las_cookies\"><\/span>\u00bfQu\u00e9 son las cookies?<span class=\"ez-toc-section-end\"><\/span><\/h3>\n<p>Cuando visita nuestro sitio web decouvrirensemble.com, se colocan en su ordenador, m\u00f3vil o tableta unos archivos de texto denominados cookies. Durante el periodo de validez o almacenamiento de la cookie, permiten identificar su terminal para ofrecerle determinadas funciones avanzadas.<\/p>\n<h3><span class=\"ez-toc-section\" id=\"%C2%BFPara_que_fines_se_utilizan_las_cookies\"><\/span>\u00bfPara qu\u00e9 fines se utilizan las cookies?<span class=\"ez-toc-section-end\"><\/span><\/h3>\n<p>Las cookies y otras tecnolog\u00edas permiten a un sitio o servicio saber si su ordenador o dispositivo lo ha visitado antes. Estas tecnolog\u00edas pueden utilizarse para ayudarnos a entender c\u00f3mo se utiliza el sitio o servicio, para ayudarle a navegar entre p\u00e1ginas de manera eficiente, para permitirnos recordar sus preferencias y, en general, para mejorar su experiencia al utilizar nuestros servicios.<\/p>\n<p>Si deja un comentario en nuestro sitio, se le pedir\u00e1 que guarde su nombre, direcci\u00f3n de correo electr\u00f3nico y sitio web en las cookies. Esto es puramente para su comodidad, para que no tenga que introducir esta informaci\u00f3n si deja otro comentario m\u00e1s tarde. Estas cookies caducan al cabo de un a\u00f1o.<\/p>\n<p>Si tiene una cuenta y entra en este sitio, se crear\u00e1 una cookie temporal para determinar si su navegador acepta cookies. No contiene ning\u00fan dato personal y se borrar\u00e1 autom\u00e1ticamente cuando cierre su navegador.<\/p>\n<p>Cuando se conecte, estableceremos un cierto n\u00famero de cookies para registrar su informaci\u00f3n de conexi\u00f3n y preferencias de pantalla. La vida \u00fatil de una cookie de conexi\u00f3n es de dos d\u00edas, la de una cookie de opci\u00f3n de pantalla es de un a\u00f1o. Si marca \u00abRecordarme\u00bb, su cookie de conexi\u00f3n se conservar\u00e1 durante quince d\u00edas. Si sale de su cuenta, se borrar\u00e1 la cookie de conexi\u00f3n.<\/p>\n<p>Al modificar o publicar un art\u00edculo, se almacenar\u00e1 una cookie adicional en su navegador. Esta cookie no contiene ning\u00fan dato personal. Simplemente indica el identificador del art\u00edculo que acaba de modificar. Caduca al cabo de un d\u00eda.<\/p>\n<p>&nbsp;<\/p>\n<h3><span class=\"ez-toc-section\" id=\"Su_eleccion_con_respecto_a_las_cookies\"><\/span>Su elecci\u00f3n con respecto a las cookies<span class=\"ez-toc-section-end\"><\/span><\/h3>\n<p>Tambi\u00e9n debes saber que puedes desactivar&nbsp;las cookies en cualquier momento simplemente yendo a las opciones de tu navegador. Para ello, simplemente haga clic en el enlace de su navegador y siga sus instrucciones:<\/p>\n<ul>\n<li style=\"list-style-type: none;\">\n<ul>\n<li><a href=\"https:\/\/support.google.com\/chrome\/answer\/95647?hl=fr\" target=\"_blank\" rel=\"noopener\">Google Chrome<\/a><\/li>\n<li><a href=\"https:\/\/support.mozilla.org\/fr\/kb\/activer-desactiver-cookies\" target=\"_blank\" rel=\"noopener\">Mozilla Firefox<\/a><\/li>\n<li><a href=\"https:\/\/support.apple.com\/kb\/PH17191?viewlocale=fr_FR&amp;locale=es_US\" target=\"_blank\" rel=\"noopener\">Safari<\/a><\/li>\n<li><a href=\"https:\/\/help.opera.com\/en\/latest\/web-preferences\/#cookies\" target=\"_blank\" rel=\"noopener\">Opera<\/a><\/li>\n<li><a href=\"http:\/\/windows.microsoft.com\/fr-fr\/internet-explorer\/delete-manage-cookies#ie=ie-11\" target=\"_blank\" rel=\"noopener\">Internet Explorer<\/a><\/li>\n<\/ul>\n<\/li>\n<\/ul>\n<h3><span class=\"ez-toc-section\" id=\"Contenido_incrustado_de_otros_sitios\"><\/span>Contenido incrustado de otros sitios<span class=\"ez-toc-section-end\"><\/span><\/h3>\n<p>Los art\u00edculos de este sitio pueden incluir contenido incrustado (por ejemplo, v\u00eddeos, im\u00e1genes, art\u00edculos&#8230;). El contenido incrustado de otros sitios se comporta de la misma manera que si el visitante fuera a ese otro sitio.<\/p>\n<p>Estos sitios web pueden recopilar datos sobre usted, utilizar cookies, incrustar herramientas de seguimiento de terceros y realizar un seguimiento de sus interacciones con este contenido incrustado si tiene una cuenta de inicio de sesi\u00f3n en su sitio web.<\/p>\n<p>&nbsp;<\/p>\n<h3><span class=\"ez-toc-section\" id=\"Estadisticas_y_medicion_de_audiencia\"><\/span>Estad\u00edsticas y medici\u00f3n de audiencia<span class=\"ez-toc-section-end\"><\/span><\/h3>\n<p>Cuando visita nuestro sitio web, la herramienta Google Analytics registra sus datos de navegaci\u00f3n para permitirnos mejorar el sitio.<br \/>\nPara conocer la pol\u00edtica de privacidad de Google Analytics,<a href=\"https:\/\/policies.google.com\/privacy\/update?hl=fr-CA\">visite su p\u00e1gina.<\/a>.<\/p>\n<h3><span class=\"ez-toc-section\" id=\"Publicidad_programatica_de_Mediavine_Ver_11\"><\/span>Publicidad program\u00e1tica de Mediavine (Ver 1.1)<span class=\"ez-toc-section-end\"><\/span><\/h3>\n<p>El Sitio Web trabaja con Mediavine para gestionar la publicidad de terceros basada en intereses que aparece en el Sitio Web. Mediavine sirve contenidos y anuncios cuando usted visita el Sitio Web, que pueden utilizar cookies propias y de terceros. Una cookie es un peque\u00f1o archivo de texto que el servidor web env\u00eda a su ordenador o dispositivo m\u00f3vil (denominado en esta pol\u00edtica \u00abdispositivo\u00bb) para que un sitio web pueda recordar cierta informaci\u00f3n sobre su actividad de navegaci\u00f3n en el sitio web.<\/p>\n<p>Las cookies internas son creadas por el sitio web que est\u00e1 visitando. Las cookies de terceros se utilizan con frecuencia en publicidad y an\u00e1lisis de comportamiento y son creadas por un dominio distinto del sitio web que est\u00e1 visitando. Las cookies de terceros, etiquetas, p\u00edxeles, balizas y otras tecnolog\u00edas similares (colectivamente, \u00abEtiquetas\u00bb) pueden colocarse en el sitio web para controlar la interacci\u00f3n con el contenido publicitario y para dirigir y optimizar la publicidad. Todos los navegadores de Internet disponen de una funci\u00f3n que permite bloquear las cookies propias y de terceros y borrar la memoria cach\u00e9 del navegador. La funci\u00f3n \u00abayuda\u00bb de la barra de men\u00fas de la mayor\u00eda de los navegadores le indicar\u00e1 c\u00f3mo dejar de aceptar nuevas cookies, c\u00f3mo recibir notificaciones de nuevas cookies, c\u00f3mo desactivar las cookies existentes y c\u00f3mo borrar la memoria cach\u00e9 de su navegador. Para m\u00e1s informaci\u00f3n sobre las cookies y c\u00f3mo desactivarlas,<\/p>\n<p>Sin cookies, es posible que no pueda aprovechar plenamente el contenido y las funciones del sitio web. Tenga en cuenta que rechazar las cookies no significa que dejar\u00e1 de ver anuncios cuando visite nuestro Sitio. Si cancela su suscripci\u00f3n, seguir\u00e1 viendo anuncios no personalizados en el Sitio web.<\/p>\n<p>El Sitio Web recopila los siguientes datos utilizando una cookie cuando sirve anuncios personalizados:<\/p>\n<ul>\n<li>Direcci\u00f3n IP<\/li>\n<li>Tipo de sistema operativo<\/li>\n<li>Versi\u00f3n del sistema operativo<\/li>\n<li>Tipo de dispositivo<\/li>\n<li>Idioma del sitio web<\/li>\n<li>Tipo de navegador web<\/li>\n<li>Correo electr\u00f3nico (en formato hash)<\/li>\n<\/ul>\n<p>Los socios de Mediavine (empresas enumeradas a continuaci\u00f3n con las que Mediavine comparte datos) tambi\u00e9n pueden utilizar estos datos para vincularlos a otra informaci\u00f3n del usuario final que el socio haya recopilado de forma independiente para ofrecer publicidad dirigida. Los socios de Mediavine tambi\u00e9n pueden recopilar por separado datos del usuario final de otras fuentes, como identificadores o p\u00edxeles publicitarios, y vincular esos datos a los datos recopilados de los editores de Mediavine con el fin de ofrecer publicidad basada en intereses en toda su experiencia en l\u00ednea, incluidos dispositivos, navegadores y aplicaciones . Estos datos incluyen datos de uso, informaci\u00f3n sobre cookies, informaci\u00f3n sobre dispositivos, informaci\u00f3n sobre interacciones del usuario con anuncios y sitios web, datos de geolocalizaci\u00f3n, datos de tr\u00e1fico e informaci\u00f3n sobre la fuente de referencia de un visitante a un sitio web concreto. Mediavine Partners tambi\u00e9n puede crear identificadores \u00fanicos para crear segmentos de audiencia,<\/p>\n<p>Si desea obtener m\u00e1s informaci\u00f3n sobre esta pr\u00e1ctica y conocer sus opciones para activar o desactivar esta recopilaci\u00f3n de datos, visite <a href=\"https:\/\/thenai.org\/opt-out\/\" target=\"_blank\" rel=\"noreferrer noopener nofollow\">National Advertising Initiative Opt-Out Page<\/a>. Tambi\u00e9n puede visitar el <a href=\"https:\/\/optout.aboutads.info\/#\/\" target=\"_blank\" rel=\"noreferrer noopener nofollow\">sitio web de Digital Advertising Alliance<\/a> y <a href=\"https:\/\/optout.networkadvertising.org\/?c=1\" target=\"_blank\" rel=\"noreferrer noopener nofollow\">sitio web de Network Advertising Initiative<\/a> para obtener m\u00e1s informaci\u00f3n sobre la publicidad basada en intereses. Puede descargar la aplicaci\u00f3n AppChoices en<\/p>\n<p>Para obtener informaci\u00f3n espec\u00edfica sobre Mediavine Partners, los datos que recopila cada uno y sus pol\u00edticas de recopilaci\u00f3n de datos y privacidad, visite <a href=\"https:\/\/www.mediavine.com\/ad-partners\/\" target=\"_blank\" rel=\"noreferrer noopener nofollow\">Mediavine Partners<\/a>.<\/p>\n<h2><span class=\"ez-toc-section\" id=\"Uso_y_transmision_de_sus_datos_personales\"><\/span>Uso y transmisi\u00f3n de sus datos personales<span class=\"ez-toc-section-end\"><\/span><\/h2>\n<h2><span class=\"ez-toc-section\" id=\"Duracion_del_almacenamiento_de_sus_datos\"><\/span>Duraci\u00f3n del almacenamiento de sus datos<span class=\"ez-toc-section-end\"><\/span><\/h2>\n<p>Si deja un comentario, el comentario y sus metadatos se almacenan indefinidamente. Esto permite reconocer y aprobar autom\u00e1ticamente los comentarios posteriores en lugar de dejarlos en la cola de moderaci\u00f3n. En el caso de los usuarios que se registran en nuestro sitio (cuando es posible), tambi\u00e9n almacenamos los datos personales indicados en su perfil. Todos los usuarios pueden ver, modificar o eliminar sus datos personales en cualquier momento (a excepci\u00f3n de su nombre de usuario). Los administradores del sitio tambi\u00e9n pueden ver y modificar esta informaci\u00f3n.<\/p>\n<p>&nbsp;<\/p>\n<h2><span class=\"ez-toc-section\" id=\"Los_derechos_que_tienes_sobre_tus_datos\"><\/span>Los derechos que tienes sobre tus datos<span class=\"ez-toc-section-end\"><\/span><\/h2>\n<p>Si tiene una cuenta o ha dejado comentarios en el sitio, puede solicitar que le enviemos un archivo con todos los datos personales que tenemos sobre usted, incluidos los que nos ha facilitado. Tambi\u00e9n puede solicitar la supresi\u00f3n de sus datos personales. Esto no incluye los datos almacenados con fines administrativos, legales o de seguridad.<\/p>\n<p>&nbsp;<\/p>\n<h2><span class=\"ez-toc-section\" id=\"Transmision_de_sus_datos_personales\"><\/span>Transmisi\u00f3n de sus datos personales<span class=\"ez-toc-section-end\"><\/span><\/h2>\n<p>Los comentarios de los visitantes pueden comprobarse mediante un servicio automatizado para detectar comentarios no deseados.<\/p>\n<p>&nbsp;<\/p>\n<h2><span class=\"ez-toc-section\" id=\"Informacion_de_contacto\"><\/span>Informaci\u00f3n de contacto<span class=\"ez-toc-section-end\"><\/span><\/h2>\n<p>Si desea informaci\u00f3n sobre los datos almacenados o cualquier otra solicitud relacionada con la conservaci\u00f3n de datos, incluida su eliminaci\u00f3n, puede ponerse en contacto con nosotros en la direcci\u00f3n de correo electr\u00f3nico: hello@decouvrirensemble.com.<\/p>\n<p>&nbsp;<\/p>\n<h2><span class=\"ez-toc-section\" id=\"Informacion_adicional\"><\/span>Informaci\u00f3n adicional<span class=\"ez-toc-section-end\"><\/span><\/h2>\n<h3><span class=\"ez-toc-section\" id=\"Como_protegemos_sus_datos\"><\/span>C\u00f3mo protegemos sus datos<span class=\"ez-toc-section-end\"><\/span><\/h3>\n<p>La interfaz de administraci\u00f3n de este sitio web y su acceso est\u00e1n protegidos por una contrase\u00f1a de la que s\u00f3lo disponemos nosotros. Adem\u00e1s, hemos implementado un certificado de seguridad SSL para proteger nuestro sitio. Esta seguridad puede verificarse mediante la url https de este sitio.<\/p>\n","protected":false},"excerpt":{"rendered":"<p>\u00bfQui\u00e9nes somos? La direcci\u00f3n de nuestro sitio web es: https:\/\/decouvrirensemble.com. Puede obtener m\u00e1s informaci\u00f3n en la secci\u00f3n sobre nuestro sitio web. Uso de los datos personales recogidos Comentarios Cuando deja un comentario en nuestro sitio\u2026<\/p>\n","protected":false},"author":1,"featured_media":49292,"parent":0,"menu_order":0,"comment_status":"closed","ping_status":"closed","template":"","meta":{"_acf_changed":false,"_lmt_disableupdate":"","_lmt_disable":"","footnotes":""},"class_list":["post-43642","page","type-page","status-publish","has-post-thumbnail","hentry"],"acf":[],"yoast_head":"<!-- This site is optimized with the Yoast SEO plugin v27.4 - https:\/\/yoast.com\/product\/yoast-seo-wordpress\/ -->\n<title>Pol\u00edtica de privacidad<\/title>\n<meta name=\"robots\" content=\"noindex, nofollow\" \/>\n<meta property=\"og:locale\" content=\"es_ES\" \/>\n<meta property=\"og:type\" content=\"article\" \/>\n<meta property=\"og:title\" content=\"Pol\u00edtica de privacidad\" \/>\n<meta property=\"og:description\" content=\"\u00bfQui\u00e9nes somos? La direcci\u00f3n de nuestro sitio web es: https:\/\/decouvrirensemble.com. Puede obtener m\u00e1s informaci\u00f3n en la secci\u00f3n sobre nuestro sitio web. Uso de los datos personales recogidos Comentarios Cuando deja un comentario en nuestro sitio\u2026\" \/>\n<meta property=\"og:url\" content=\"https:\/\/decouvrirensemble.com\/es\/politica-de-privacidad\" \/>\n<meta property=\"og:site_name\" content=\"Blog Voyage - D\u00e9couvrir Ensemble\" \/>\n<meta property=\"article:modified_time\" content=\"2024-07-24T11:00:29+00:00\" \/>\n<meta property=\"og:image\" content=\"https:\/\/decouvrirensemble.com\/wp-content\/uploads\/2024\/02\/cover-page-blog.webp\" \/>\n\t<meta property=\"og:image:width\" content=\"1800\" \/>\n\t<meta property=\"og:image:height\" content=\"1200\" \/>\n\t<meta property=\"og:image:type\" content=\"image\/webp\" \/>\n<meta name=\"twitter:card\" content=\"summary_large_image\" \/>\n<meta name=\"twitter:site\" content=\"@dcouvrirensmble\" \/>\n<meta name=\"twitter:label1\" content=\"Tiempo de lectura\" \/>\n\t<meta name=\"twitter:data1\" content=\"8 minutos\" \/>\n<script type=\"application\/ld+json\" class=\"yoast-schema-graph\">{\"@context\":\"https:\\\/\\\/schema.org\",\"@graph\":[{\"@type\":\"WebPage\",\"@id\":\"https:\\\/\\\/decouvrirensemble.com\\\/es\\\/politica-de-privacidad\",\"url\":\"https:\\\/\\\/decouvrirensemble.com\\\/es\\\/politica-de-privacidad\",\"name\":\"Pol\u00edtica de privacidad\",\"isPartOf\":{\"@id\":\"https:\\\/\\\/decouvrirensemble.com\\\/es#website\"},\"primaryImageOfPage\":{\"@id\":\"https:\\\/\\\/decouvrirensemble.com\\\/es\\\/politica-de-privacidad#primaryimage\"},\"image\":{\"@id\":\"https:\\\/\\\/decouvrirensemble.com\\\/es\\\/politica-de-privacidad#primaryimage\"},\"thumbnailUrl\":\"https:\\\/\\\/decouvrirensemble.com\\\/wp-content\\\/uploads\\\/2024\\\/02\\\/cover-page-blog.webp\",\"datePublished\":\"2018-05-23T09:50:05+00:00\",\"dateModified\":\"2024-07-24T11:00:29+00:00\",\"breadcrumb\":{\"@id\":\"https:\\\/\\\/decouvrirensemble.com\\\/es\\\/politica-de-privacidad#breadcrumb\"},\"inLanguage\":\"es\",\"potentialAction\":[{\"@type\":\"ReadAction\",\"target\":[\"https:\\\/\\\/decouvrirensemble.com\\\/es\\\/politica-de-privacidad\"]}]},{\"@type\":\"ImageObject\",\"inLanguage\":\"es\",\"@id\":\"https:\\\/\\\/decouvrirensemble.com\\\/es\\\/politica-de-privacidad#primaryimage\",\"url\":\"https:\\\/\\\/decouvrirensemble.com\\\/wp-content\\\/uploads\\\/2024\\\/02\\\/cover-page-blog.webp\",\"contentUrl\":\"https:\\\/\\\/decouvrirensemble.com\\\/wp-content\\\/uploads\\\/2024\\\/02\\\/cover-page-blog.webp\",\"width\":1800,\"height\":1200},{\"@type\":\"BreadcrumbList\",\"@id\":\"https:\\\/\\\/decouvrirensemble.com\\\/es\\\/politica-de-privacidad#breadcrumb\",\"itemListElement\":[{\"@type\":\"ListItem\",\"position\":1,\"name\":\"Accueil\",\"item\":\"https:\\\/\\\/decouvrirensemble.com\\\/es\"},{\"@type\":\"ListItem\",\"position\":2,\"name\":\"Pol\u00edtica de privacidad\"}]},{\"@type\":\"WebSite\",\"@id\":\"https:\\\/\\\/decouvrirensemble.com\\\/es#website\",\"url\":\"https:\\\/\\\/decouvrirensemble.com\\\/es\",\"name\":\"Blog Voyage - D\u00e9couvrir Ensemble\",\"description\":\"Le Blog Voyage de Clem et Alex\",\"publisher\":{\"@id\":\"https:\\\/\\\/decouvrirensemble.com\\\/es#\\\/schema\\\/person\\\/a53efd44d02eb7f9ab90f96e84a9d2ba\"},\"potentialAction\":[{\"@type\":\"SearchAction\",\"target\":{\"@type\":\"EntryPoint\",\"urlTemplate\":\"https:\\\/\\\/decouvrirensemble.com\\\/es?s={search_term_string}\"},\"query-input\":{\"@type\":\"PropertyValueSpecification\",\"valueRequired\":true,\"valueName\":\"search_term_string\"}}],\"inLanguage\":\"es\"},{\"@type\":[\"Person\",\"Organization\"],\"@id\":\"https:\\\/\\\/decouvrirensemble.com\\\/es#\\\/schema\\\/person\\\/a53efd44d02eb7f9ab90f96e84a9d2ba\",\"name\":\"Cl\u00e9mence &amp; Alexandre\",\"image\":{\"@type\":\"ImageObject\",\"inLanguage\":\"es\",\"@id\":\"https:\\\/\\\/decouvrirensemble.com\\\/wp-content\\\/uploads\\\/2024\\\/04\\\/logo-decouvrir-ensemble-blog-voyage.jpg\",\"url\":\"https:\\\/\\\/decouvrirensemble.com\\\/wp-content\\\/uploads\\\/2024\\\/04\\\/logo-decouvrir-ensemble-blog-voyage.jpg\",\"contentUrl\":\"https:\\\/\\\/decouvrirensemble.com\\\/wp-content\\\/uploads\\\/2024\\\/04\\\/logo-decouvrir-ensemble-blog-voyage.jpg\",\"width\":1563,\"height\":529,\"caption\":\"Cl\u00e9mence &amp; Alexandre\"},\"logo\":{\"@id\":\"https:\\\/\\\/decouvrirensemble.com\\\/wp-content\\\/uploads\\\/2024\\\/04\\\/logo-decouvrir-ensemble-blog-voyage.jpg\"},\"sameAs\":[\"https:\\\/\\\/decouvrirensemble.com\\\/\"]}]}<\/script>\n<!-- \/ Yoast SEO plugin. -->","yoast_head_json":{"title":"Pol\u00edtica de privacidad","robots":{"index":"noindex","follow":"nofollow"},"og_locale":"es_ES","og_type":"article","og_title":"Pol\u00edtica de privacidad","og_description":"\u00bfQui\u00e9nes somos? La direcci\u00f3n de nuestro sitio web es: https:\/\/decouvrirensemble.com. Puede obtener m\u00e1s informaci\u00f3n en la secci\u00f3n sobre nuestro sitio web. Uso de los datos personales recogidos Comentarios Cuando deja un comentario en nuestro sitio\u2026","og_url":"https:\/\/decouvrirensemble.com\/es\/politica-de-privacidad","og_site_name":"Blog Voyage - D\u00e9couvrir Ensemble","article_modified_time":"2024-07-24T11:00:29+00:00","og_image":[{"width":1800,"height":1200,"url":"https:\/\/decouvrirensemble.com\/wp-content\/uploads\/2024\/02\/cover-page-blog.webp","type":"image\/webp"}],"twitter_card":"summary_large_image","twitter_site":"@dcouvrirensmble","twitter_misc":{"Tiempo de lectura":"8 minutos"},"schema":{"@context":"https:\/\/schema.org","@graph":[{"@type":"WebPage","@id":"https:\/\/decouvrirensemble.com\/es\/politica-de-privacidad","url":"https:\/\/decouvrirensemble.com\/es\/politica-de-privacidad","name":"Pol\u00edtica de privacidad","isPartOf":{"@id":"https:\/\/decouvrirensemble.com\/es#website"},"primaryImageOfPage":{"@id":"https:\/\/decouvrirensemble.com\/es\/politica-de-privacidad#primaryimage"},"image":{"@id":"https:\/\/decouvrirensemble.com\/es\/politica-de-privacidad#primaryimage"},"thumbnailUrl":"https:\/\/decouvrirensemble.com\/wp-content\/uploads\/2024\/02\/cover-page-blog.webp","datePublished":"2018-05-23T09:50:05+00:00","dateModified":"2024-07-24T11:00:29+00:00","breadcrumb":{"@id":"https:\/\/decouvrirensemble.com\/es\/politica-de-privacidad#breadcrumb"},"inLanguage":"es","potentialAction":[{"@type":"ReadAction","target":["https:\/\/decouvrirensemble.com\/es\/politica-de-privacidad"]}]},{"@type":"ImageObject","inLanguage":"es","@id":"https:\/\/decouvrirensemble.com\/es\/politica-de-privacidad#primaryimage","url":"https:\/\/decouvrirensemble.com\/wp-content\/uploads\/2024\/02\/cover-page-blog.webp","contentUrl":"https:\/\/decouvrirensemble.com\/wp-content\/uploads\/2024\/02\/cover-page-blog.webp","width":1800,"height":1200},{"@type":"BreadcrumbList","@id":"https:\/\/decouvrirensemble.com\/es\/politica-de-privacidad#breadcrumb","itemListElement":[{"@type":"ListItem","position":1,"name":"Accueil","item":"https:\/\/decouvrirensemble.com\/es"},{"@type":"ListItem","position":2,"name":"Pol\u00edtica de privacidad"}]},{"@type":"WebSite","@id":"https:\/\/decouvrirensemble.com\/es#website","url":"https:\/\/decouvrirensemble.com\/es","name":"Blog Voyage - D\u00e9couvrir Ensemble","description":"Le Blog Voyage de Clem et Alex","publisher":{"@id":"https:\/\/decouvrirensemble.com\/es#\/schema\/person\/a53efd44d02eb7f9ab90f96e84a9d2ba"},"potentialAction":[{"@type":"SearchAction","target":{"@type":"EntryPoint","urlTemplate":"https:\/\/decouvrirensemble.com\/es?s={search_term_string}"},"query-input":{"@type":"PropertyValueSpecification","valueRequired":true,"valueName":"search_term_string"}}],"inLanguage":"es"},{"@type":["Person","Organization"],"@id":"https:\/\/decouvrirensemble.com\/es#\/schema\/person\/a53efd44d02eb7f9ab90f96e84a9d2ba","name":"Cl\u00e9mence &amp; Alexandre","image":{"@type":"ImageObject","inLanguage":"es","@id":"https:\/\/decouvrirensemble.com\/wp-content\/uploads\/2024\/04\/logo-decouvrir-ensemble-blog-voyage.jpg","url":"https:\/\/decouvrirensemble.com\/wp-content\/uploads\/2024\/04\/logo-decouvrir-ensemble-blog-voyage.jpg","contentUrl":"https:\/\/decouvrirensemble.com\/wp-content\/uploads\/2024\/04\/logo-decouvrir-ensemble-blog-voyage.jpg","width":1563,"height":529,"caption":"Cl\u00e9mence &amp; Alexandre"},"logo":{"@id":"https:\/\/decouvrirensemble.com\/wp-content\/uploads\/2024\/04\/logo-decouvrir-ensemble-blog-voyage.jpg"},"sameAs":["https:\/\/decouvrirensemble.com\/"]}]}},"_links":{"self":[{"href":"https:\/\/decouvrirensemble.com\/es\/wp-json\/wp\/v2\/pages\/43642","targetHints":{"allow":["GET"]}}],"collection":[{"href":"https:\/\/decouvrirensemble.com\/es\/wp-json\/wp\/v2\/pages"}],"about":[{"href":"https:\/\/decouvrirensemble.com\/es\/wp-json\/wp\/v2\/types\/page"}],"author":[{"embeddable":true,"href":"https:\/\/decouvrirensemble.com\/es\/wp-json\/wp\/v2\/users\/1"}],"replies":[{"embeddable":true,"href":"https:\/\/decouvrirensemble.com\/es\/wp-json\/wp\/v2\/comments?post=43642"}],"version-history":[{"count":0,"href":"https:\/\/decouvrirensemble.com\/es\/wp-json\/wp\/v2\/pages\/43642\/revisions"}],"wp:featuredmedia":[{"embeddable":true,"href":"https:\/\/decouvrirensemble.com\/es\/wp-json\/wp\/v2\/media\/49292"}],"wp:attachment":[{"href":"https:\/\/decouvrirensemble.com\/es\/wp-json\/wp\/v2\/media?parent=43642"}],"curies":[{"name":"wp","href":"https:\/\/api.w.org\/{rel}","templated":true}]}}